{"id":22722,"date":"2023-09-18T11:23:11","date_gmt":"2023-09-18T09:23:11","guid":{"rendered":"https:\/\/zst.klodzko.pl\/zst\/?page_id=22722"},"modified":"2025-08-31T10:06:48","modified_gmt":"2025-08-31T08:06:48","slug":"tlm-dokumenty","status":"publish","type":"page","link":"https:\/\/zst.klodzko.pl\/zst\/tlm-dokumenty\/","title":{"rendered":"TLM dokumenty"},"content":{"rendered":"\t\t<div data-elementor-type=\"wp-page\" data-elementor-id=\"22722\" class=\"elementor elementor-22722\">\n\t\t\t\t\t\t<section class=\"elementor-section elementor-top-section elementor-element elementor-element-ff59f21 elementor-reverse-mobile elementor-section-boxed elementor-section-height-default elementor-section-height-default\" data-id=\"ff59f21\" data-element_type=\"section\" data-e-type=\"section\">\n\t\t\t\t\t\t<div class=\"elementor-container elementor-column-gap-default\">\n\t\t\t\t\t<div class=\"elementor-column elementor-col-100 elementor-top-column elementor-element elementor-element-40f75cde\" data-id=\"40f75cde\" data-element_type=\"column\" data-e-type=\"column\" data-settings=\"{&quot;background_background&quot;:&quot;classic&quot;}\">\n\t\t\t<div class=\"elementor-widget-wrap elementor-element-populated\">\n\t\t\t\t\t\t<div class=\"elementor-element elementor-element-657bf3d1 elementor-widget elementor-widget-heading\" data-id=\"657bf3d1\" data-element_type=\"widget\" data-e-type=\"widget\" data-widget_type=\"heading.default\">\n\t\t\t\t<div class=\"elementor-widget-container\">\n\t\t\t\t\t<h2 class=\"elementor-heading-title elementor-size-medium\">TLM dokumenty do pobrania<\/h2>\t\t\t\t<\/div>\n\t\t\t\t<\/div>\n\t\t\t\t<div class=\"elementor-element elementor-element-6de28bcd elementor-widget elementor-widget-text-editor\" data-id=\"6de28bcd\" data-element_type=\"widget\" data-e-type=\"widget\" data-widget_type=\"text-editor.default\">\n\t\t\t\t<div class=\"elementor-widget-container\">\n\t\t\t\t\t\t\t\t\t<p style=\"text-align: center;\">\u00a0<a href=\"https:\/\/zst.klodzko.pl\/zst\/wp-content\/uploads\/2023\/09\/zobowiazanie_klasy_mundurowe_2023.pdf\" class=\"pdfemb-viewer\" style=\"\" data-width=\"max\" data-height=\"max\" data-toolbar=\"both\" data-toolbar-fixed=\"on\">zobowiazanie_klasy_mundurowe_2023<\/a><\/p>\t\t\t\t\t\t\t\t<\/div>\n\t\t\t\t<\/div>\n\t\t\t\t<div class=\"elementor-element elementor-element-ccbee98 elementor-align-center elementor-widget elementor-widget-button\" data-id=\"ccbee98\" data-element_type=\"widget\" data-e-type=\"widget\" data-widget_type=\"button.default\">\n\t\t\t\t<div class=\"elementor-widget-container\">\n\t\t\t\t\t\t\t\t\t<div class=\"elementor-button-wrapper\">\n\t\t\t\t\t<a class=\"elementor-button elementor-button-link elementor-size-sm\" href=\"https:\/\/zst.klodzko.pl\/zst\/tlm\/zobowiazanie_klasy_mundurowe_2023.pdf\" target=\"_blank\">\n\t\t\t\t\t\t<span class=\"elementor-button-content-wrapper\">\n\t\t\t\t\t\t\t\t\t<span class=\"elementor-button-text\">\u2191 Pobierz plik w formacie PDF \u2191<\/span>\n\t\t\t\t\t<\/span>\n\t\t\t\t\t<\/a>\n\t\t\t\t<\/div>\n\t\t\t\t\t\t\t\t<\/div>\n\t\t\t\t<\/div>\n\t\t\t\t<div class=\"elementor-element elementor-element-f4a4d19 elementor-widget elementor-widget-text-editor\" data-id=\"f4a4d19\" data-element_type=\"widget\" data-e-type=\"widget\" data-widget_type=\"text-editor.default\">\n\t\t\t\t<div class=\"elementor-widget-container\">\n\t\t\t\t\t\t\t\t\t<p style=\"text-align: center;\"><a href=\"https:\/\/zst.klodzko.pl\/zst\/wp-content\/uploads\/2023\/09\/regulamin_klas_mundurowych_ZSP1_klodzko_2019_08_30.pdf\" class=\"pdfemb-viewer\" style=\"\" data-width=\"max\" data-height=\"max\" data-toolbar=\"both\" data-toolbar-fixed=\"on\">regulamin_klas_mundurowych_ZSP1_klodzko_2019_08_30<\/a><\/p>\t\t\t\t\t\t\t\t<\/div>\n\t\t\t\t<\/div>\n\t\t\t\t<div class=\"elementor-element elementor-element-40c0263e elementor-align-center elementor-widget elementor-widget-button\" data-id=\"40c0263e\" data-element_type=\"widget\" data-e-type=\"widget\" data-widget_type=\"button.default\">\n\t\t\t\t<div class=\"elementor-widget-container\">\n\t\t\t\t\t\t\t\t\t<div class=\"elementor-button-wrapper\">\n\t\t\t\t\t<a class=\"elementor-button elementor-button-link elementor-size-sm\" href=\"https:\/\/zst.klodzko.pl\/zst\/tlm\/regulamin_klas_mundurowych_ZSP1_klodzko_2019_08_30.pdf\" target=\"_blank\">\n\t\t\t\t\t\t<span class=\"elementor-button-content-wrapper\">\n\t\t\t\t\t\t\t\t\t<span class=\"elementor-button-text\">\u2191 Pobierz plik w formacie PDF \u2191<\/span>\n\t\t\t\t\t<\/span>\n\t\t\t\t\t<\/a>\n\t\t\t\t<\/div>\n\t\t\t\t\t\t\t\t<\/div>\n\t\t\t\t<\/div>\n\t\t\t\t<div class=\"elementor-element elementor-element-205f10f5 elementor-widget-divider--view-line elementor-widget elementor-widget-divider\" data-id=\"205f10f5\" data-element_type=\"widget\" data-e-type=\"widget\" data-widget_type=\"divider.default\">\n\t\t\t\t<div class=\"elementor-widget-container\">\n\t\t\t\t\t\t\t<div class=\"elementor-divider\">\n\t\t\t<span class=\"elementor-divider-separator\">\n\t\t\t\t\t\t<\/span>\n\t\t<\/div>\n\t\t\t\t\t\t<\/div>\n\t\t\t\t<\/div>\n\t\t\t\t<div class=\"elementor-element elementor-element-a327b56 elementor-widget elementor-widget-image\" data-id=\"a327b56\" data-element_type=\"widget\" data-e-type=\"widget\" data-widget_type=\"image.default\">\n\t\t\t\t<div class=\"elementor-widget-container\">\n\t\t\t\t\t\t\t\t\t\t\t\t\t\t\t<img fetchpriority=\"high\" decoding=\"async\" width=\"1654\" height=\"2339\" src=\"https:\/\/zst.klodzko.pl\/zst\/wp-content\/uploads\/2025\/08\/KALENDARZ-KLAS-MUNDUROWYCH-2025-2026-1.png\" class=\"attachment-full size-full wp-image-28129\" alt=\"Kalendarz klas mundurowych\" srcset=\"https:\/\/zst.klodzko.pl\/zst\/wp-content\/uploads\/2025\/08\/KALENDARZ-KLAS-MUNDUROWYCH-2025-2026-1.png 1654w, https:\/\/zst.klodzko.pl\/zst\/wp-content\/uploads\/2025\/08\/KALENDARZ-KLAS-MUNDUROWYCH-2025-2026-1-212x300.png 212w, https:\/\/zst.klodzko.pl\/zst\/wp-content\/uploads\/2025\/08\/KALENDARZ-KLAS-MUNDUROWYCH-2025-2026-1-724x1024.png 724w, https:\/\/zst.klodzko.pl\/zst\/wp-content\/uploads\/2025\/08\/KALENDARZ-KLAS-MUNDUROWYCH-2025-2026-1-768x1086.png 768w, https:\/\/zst.klodzko.pl\/zst\/wp-content\/uploads\/2025\/08\/KALENDARZ-KLAS-MUNDUROWYCH-2025-2026-1-1086x1536.png 1086w, https:\/\/zst.klodzko.pl\/zst\/wp-content\/uploads\/2025\/08\/KALENDARZ-KLAS-MUNDUROWYCH-2025-2026-1-1448x2048.png 1448w, https:\/\/zst.klodzko.pl\/zst\/wp-content\/uploads\/2025\/08\/KALENDARZ-KLAS-MUNDUROWYCH-2025-2026-1-200x283.png 200w\" sizes=\"(max-width: 1654px) 100vw, 1654px\" \/>\t\t\t\t\t\t\t\t\t\t\t\t\t\t\t<\/div>\n\t\t\t\t<\/div>\n\t\t\t\t\t<\/div>\n\t\t<\/div>\n\t\t\t\t\t<\/div>\n\t\t<\/section>\n\t\t\t\t<\/div>\n\t\t","protected":false},"excerpt":{"rendered":"<p>TLM dokumenty do pobrania \u00a0 \u2191 Pobierz plik w formacie PDF \u2191 \u2191 Pobierz plik w formacie PDF \u2191<\/p>\n","protected":false},"author":1,"featured_media":0,"parent":0,"menu_order":0,"comment_status":"closed","ping_status":"closed","template":"strona-moja1.php","meta":{"_mc_calendar":[],"footnotes":""},"class_list":["post-22722","page","type-page","status-publish","hentry"],"yoast_head":"<!-- This site is optimized with the Yoast SEO plugin v27.4 - https:\/\/yoast.com\/product\/yoast-seo-wordpress\/ -->\n<title>TLM dokumenty &#8212; Zesp\u00f3\u0142 Szk\u00f3\u0142 Technicznych w K\u0142odzku<\/title>\n<meta name=\"robots\" content=\"index, follow, max-snippet:-1, max-image-preview:large, max-video-preview:-1\" \/>\n<link rel=\"canonical\" href=\"https:\/\/zst.klodzko.pl\/zst\/tlm-dokumenty\/\" \/>\n<meta property=\"og:locale\" content=\"pl_PL\" \/>\n<meta property=\"og:type\" content=\"article\" \/>\n<meta property=\"og:title\" content=\"TLM dokumenty &#8212; Zesp\u00f3\u0142 Szk\u00f3\u0142 Technicznych w K\u0142odzku\" \/>\n<meta property=\"og:description\" content=\"TLM dokumenty do pobrania \u00a0 \u2191 Pobierz plik w formacie PDF \u2191 \u2191 Pobierz plik w formacie PDF \u2191\" \/>\n<meta property=\"og:url\" content=\"https:\/\/zst.klodzko.pl\/zst\/tlm-dokumenty\/\" \/>\n<meta property=\"og:site_name\" content=\"Zesp\u00f3\u0142 Szk\u00f3\u0142 Technicznych w K\u0142odzku\" \/>\n<meta property=\"article:publisher\" content=\"https:\/\/www.facebook.com\/zst.klodzko\" \/>\n<meta property=\"article:modified_time\" content=\"2025-08-31T08:06:48+00:00\" \/>\n<meta property=\"og:image\" content=\"https:\/\/zst.klodzko.pl\/zst\/wp-content\/uploads\/2025\/08\/KALENDARZ-KLAS-MUNDUROWYCH-2025-2026-1.png\" \/>\n\t<meta property=\"og:image:width\" content=\"1654\" \/>\n\t<meta property=\"og:image:height\" content=\"2339\" \/>\n\t<meta property=\"og:image:type\" content=\"image\/png\" \/>\n<meta name=\"twitter:card\" content=\"summary_large_image\" \/>\n<meta name=\"twitter:site\" content=\"@Budowlanka_ZST\" \/>\n<script type=\"application\/ld+json\" class=\"yoast-schema-graph\">{\"@context\":\"https:\\\/\\\/schema.org\",\"@graph\":[{\"@type\":\"WebPage\",\"@id\":\"https:\\\/\\\/zst.klodzko.pl\\\/zst\\\/tlm-dokumenty\\\/\",\"url\":\"https:\\\/\\\/zst.klodzko.pl\\\/zst\\\/tlm-dokumenty\\\/\",\"name\":\"TLM dokumenty &#8212; Zesp\u00f3\u0142 Szk\u00f3\u0142 Technicznych w K\u0142odzku\",\"isPartOf\":{\"@id\":\"https:\\\/\\\/zst.klodzko.pl\\\/zst\\\/#website\"},\"primaryImageOfPage\":{\"@id\":\"https:\\\/\\\/zst.klodzko.pl\\\/zst\\\/tlm-dokumenty\\\/#primaryimage\"},\"image\":{\"@id\":\"https:\\\/\\\/zst.klodzko.pl\\\/zst\\\/tlm-dokumenty\\\/#primaryimage\"},\"thumbnailUrl\":\"https:\\\/\\\/zst.klodzko.pl\\\/zst\\\/wp-content\\\/uploads\\\/2025\\\/08\\\/KALENDARZ-KLAS-MUNDUROWYCH-2025-2026-1.png\",\"datePublished\":\"2023-09-18T09:23:11+00:00\",\"dateModified\":\"2025-08-31T08:06:48+00:00\",\"breadcrumb\":{\"@id\":\"https:\\\/\\\/zst.klodzko.pl\\\/zst\\\/tlm-dokumenty\\\/#breadcrumb\"},\"inLanguage\":\"pl-PL\",\"potentialAction\":[{\"@type\":\"ReadAction\",\"target\":[\"https:\\\/\\\/zst.klodzko.pl\\\/zst\\\/tlm-dokumenty\\\/\"]}]},{\"@type\":\"ImageObject\",\"inLanguage\":\"pl-PL\",\"@id\":\"https:\\\/\\\/zst.klodzko.pl\\\/zst\\\/tlm-dokumenty\\\/#primaryimage\",\"url\":\"https:\\\/\\\/zst.klodzko.pl\\\/zst\\\/wp-content\\\/uploads\\\/2025\\\/08\\\/KALENDARZ-KLAS-MUNDUROWYCH-2025-2026-1.png\",\"contentUrl\":\"https:\\\/\\\/zst.klodzko.pl\\\/zst\\\/wp-content\\\/uploads\\\/2025\\\/08\\\/KALENDARZ-KLAS-MUNDUROWYCH-2025-2026-1.png\"},{\"@type\":\"BreadcrumbList\",\"@id\":\"https:\\\/\\\/zst.klodzko.pl\\\/zst\\\/tlm-dokumenty\\\/#breadcrumb\",\"itemListElement\":[{\"@type\":\"ListItem\",\"position\":1,\"name\":\"Strona g\u0142\u00f3wna\",\"item\":\"https:\\\/\\\/zst.klodzko.pl\\\/zst\\\/\"},{\"@type\":\"ListItem\",\"position\":2,\"name\":\"TLM dokumenty\"}]},{\"@type\":\"WebSite\",\"@id\":\"https:\\\/\\\/zst.klodzko.pl\\\/zst\\\/#website\",\"url\":\"https:\\\/\\\/zst.klodzko.pl\\\/zst\\\/\",\"name\":\"Zesp\u00f3\u0142 Szk\u00f3\u0142 Technicznych w K\u0142odzku\",\"description\":\"Oficjalna strona ZST w K\u0142odzku (dawniej ZSP nr 1 w K\u0142odzku) - Budowlanka\",\"publisher\":{\"@id\":\"https:\\\/\\\/zst.klodzko.pl\\\/zst\\\/#organization\"},\"potentialAction\":[{\"@type\":\"SearchAction\",\"target\":{\"@type\":\"EntryPoint\",\"urlTemplate\":\"https:\\\/\\\/zst.klodzko.pl\\\/zst\\\/?s={search_term_string}\"},\"query-input\":{\"@type\":\"PropertyValueSpecification\",\"valueRequired\":true,\"valueName\":\"search_term_string\"}}],\"inLanguage\":\"pl-PL\"},{\"@type\":\"Organization\",\"@id\":\"https:\\\/\\\/zst.klodzko.pl\\\/zst\\\/#organization\",\"name\":\"Zesp\u00f3\u0142 Szk\u00f3\u0142 Technicznych w K\u0142odzku\",\"url\":\"https:\\\/\\\/zst.klodzko.pl\\\/zst\\\/\",\"logo\":{\"@type\":\"ImageObject\",\"inLanguage\":\"pl-PL\",\"@id\":\"https:\\\/\\\/zst.klodzko.pl\\\/zst\\\/#\\\/schema\\\/logo\\\/image\\\/\",\"url\":\"https:\\\/\\\/zst.klodzko.pl\\\/zst\\\/wp-content\\\/uploads\\\/2018\\\/05\\\/patron_bud.png\",\"contentUrl\":\"https:\\\/\\\/zst.klodzko.pl\\\/zst\\\/wp-content\\\/uploads\\\/2018\\\/05\\\/patron_bud.png\",\"width\":208,\"height\":205,\"caption\":\"Zesp\u00f3\u0142 Szk\u00f3\u0142 Technicznych w K\u0142odzku\"},\"image\":{\"@id\":\"https:\\\/\\\/zst.klodzko.pl\\\/zst\\\/#\\\/schema\\\/logo\\\/image\\\/\"},\"sameAs\":[\"https:\\\/\\\/www.facebook.com\\\/zst.klodzko\",\"https:\\\/\\\/x.com\\\/Budowlanka_ZST\",\"https:\\\/\\\/www.youtube.com\\\/channel\\\/UCueLhwUV3X9Ph8PMH7j4ugA\",\"https:\\\/\\\/pl.wikipedia.org\\\/wiki\\\/Zesp\u00f3\u0142_Szk\u00f3\u0142_Technicznych_w_K\u0142odzku\"]}]}<\/script>\n<!-- \/ Yoast SEO plugin. -->","yoast_head_json":{"title":"TLM dokumenty &#8212; Zesp\u00f3\u0142 Szk\u00f3\u0142 Technicznych w K\u0142odzku","robots":{"index":"index","follow":"follow","max-snippet":"max-snippet:-1","max-image-preview":"max-image-preview:large","max-video-preview":"max-video-preview:-1"},"canonical":"https:\/\/zst.klodzko.pl\/zst\/tlm-dokumenty\/","og_locale":"pl_PL","og_type":"article","og_title":"TLM dokumenty &#8212; Zesp\u00f3\u0142 Szk\u00f3\u0142 Technicznych w K\u0142odzku","og_description":"TLM dokumenty do pobrania \u00a0 \u2191 Pobierz plik w formacie PDF \u2191 \u2191 Pobierz plik w formacie PDF \u2191","og_url":"https:\/\/zst.klodzko.pl\/zst\/tlm-dokumenty\/","og_site_name":"Zesp\u00f3\u0142 Szk\u00f3\u0142 Technicznych w K\u0142odzku","article_publisher":"https:\/\/www.facebook.com\/zst.klodzko","article_modified_time":"2025-08-31T08:06:48+00:00","og_image":[{"width":1654,"height":2339,"url":"https:\/\/zst.klodzko.pl\/zst\/wp-content\/uploads\/2025\/08\/KALENDARZ-KLAS-MUNDUROWYCH-2025-2026-1.png","type":"image\/png"}],"twitter_card":"summary_large_image","twitter_site":"@Budowlanka_ZST","schema":{"@context":"https:\/\/schema.org","@graph":[{"@type":"WebPage","@id":"https:\/\/zst.klodzko.pl\/zst\/tlm-dokumenty\/","url":"https:\/\/zst.klodzko.pl\/zst\/tlm-dokumenty\/","name":"TLM dokumenty &#8212; Zesp\u00f3\u0142 Szk\u00f3\u0142 Technicznych w K\u0142odzku","isPartOf":{"@id":"https:\/\/zst.klodzko.pl\/zst\/#website"},"primaryImageOfPage":{"@id":"https:\/\/zst.klodzko.pl\/zst\/tlm-dokumenty\/#primaryimage"},"image":{"@id":"https:\/\/zst.klodzko.pl\/zst\/tlm-dokumenty\/#primaryimage"},"thumbnailUrl":"https:\/\/zst.klodzko.pl\/zst\/wp-content\/uploads\/2025\/08\/KALENDARZ-KLAS-MUNDUROWYCH-2025-2026-1.png","datePublished":"2023-09-18T09:23:11+00:00","dateModified":"2025-08-31T08:06:48+00:00","breadcrumb":{"@id":"https:\/\/zst.klodzko.pl\/zst\/tlm-dokumenty\/#breadcrumb"},"inLanguage":"pl-PL","potentialAction":[{"@type":"ReadAction","target":["https:\/\/zst.klodzko.pl\/zst\/tlm-dokumenty\/"]}]},{"@type":"ImageObject","inLanguage":"pl-PL","@id":"https:\/\/zst.klodzko.pl\/zst\/tlm-dokumenty\/#primaryimage","url":"https:\/\/zst.klodzko.pl\/zst\/wp-content\/uploads\/2025\/08\/KALENDARZ-KLAS-MUNDUROWYCH-2025-2026-1.png","contentUrl":"https:\/\/zst.klodzko.pl\/zst\/wp-content\/uploads\/2025\/08\/KALENDARZ-KLAS-MUNDUROWYCH-2025-2026-1.png"},{"@type":"BreadcrumbList","@id":"https:\/\/zst.klodzko.pl\/zst\/tlm-dokumenty\/#breadcrumb","itemListElement":[{"@type":"ListItem","position":1,"name":"Strona g\u0142\u00f3wna","item":"https:\/\/zst.klodzko.pl\/zst\/"},{"@type":"ListItem","position":2,"name":"TLM dokumenty"}]},{"@type":"WebSite","@id":"https:\/\/zst.klodzko.pl\/zst\/#website","url":"https:\/\/zst.klodzko.pl\/zst\/","name":"Zesp\u00f3\u0142 Szk\u00f3\u0142 Technicznych w K\u0142odzku","description":"Oficjalna strona ZST w K\u0142odzku (dawniej ZSP nr 1 w K\u0142odzku) - Budowlanka","publisher":{"@id":"https:\/\/zst.klodzko.pl\/zst\/#organization"},"potentialAction":[{"@type":"SearchAction","target":{"@type":"EntryPoint","urlTemplate":"https:\/\/zst.klodzko.pl\/zst\/?s={search_term_string}"},"query-input":{"@type":"PropertyValueSpecification","valueRequired":true,"valueName":"search_term_string"}}],"inLanguage":"pl-PL"},{"@type":"Organization","@id":"https:\/\/zst.klodzko.pl\/zst\/#organization","name":"Zesp\u00f3\u0142 Szk\u00f3\u0142 Technicznych w K\u0142odzku","url":"https:\/\/zst.klodzko.pl\/zst\/","logo":{"@type":"ImageObject","inLanguage":"pl-PL","@id":"https:\/\/zst.klodzko.pl\/zst\/#\/schema\/logo\/image\/","url":"https:\/\/zst.klodzko.pl\/zst\/wp-content\/uploads\/2018\/05\/patron_bud.png","contentUrl":"https:\/\/zst.klodzko.pl\/zst\/wp-content\/uploads\/2018\/05\/patron_bud.png","width":208,"height":205,"caption":"Zesp\u00f3\u0142 Szk\u00f3\u0142 Technicznych w K\u0142odzku"},"image":{"@id":"https:\/\/zst.klodzko.pl\/zst\/#\/schema\/logo\/image\/"},"sameAs":["https:\/\/www.facebook.com\/zst.klodzko","https:\/\/x.com\/Budowlanka_ZST","https:\/\/www.youtube.com\/channel\/UCueLhwUV3X9Ph8PMH7j4ugA","https:\/\/pl.wikipedia.org\/wiki\/Zesp\u00f3\u0142_Szk\u00f3\u0142_Technicznych_w_K\u0142odzku"]}]}},"_links":{"self":[{"href":"https:\/\/zst.klodzko.pl\/zst\/wp-json\/wp\/v2\/pages\/22722","targetHints":{"allow":["GET"]}}],"collection":[{"href":"https:\/\/zst.klodzko.pl\/zst\/wp-json\/wp\/v2\/pages"}],"about":[{"href":"https:\/\/zst.klodzko.pl\/zst\/wp-json\/wp\/v2\/types\/page"}],"author":[{"embeddable":true,"href":"https:\/\/zst.klodzko.pl\/zst\/wp-json\/wp\/v2\/users\/1"}],"replies":[{"embeddable":true,"href":"https:\/\/zst.klodzko.pl\/zst\/wp-json\/wp\/v2\/comments?post=22722"}],"version-history":[{"count":23,"href":"https:\/\/zst.klodzko.pl\/zst\/wp-json\/wp\/v2\/pages\/22722\/revisions"}],"predecessor-version":[{"id":28141,"href":"https:\/\/zst.klodzko.pl\/zst\/wp-json\/wp\/v2\/pages\/22722\/revisions\/28141"}],"wp:attachment":[{"href":"https:\/\/zst.klodzko.pl\/zst\/wp-json\/wp\/v2\/media?parent=22722"}],"curies":[{"name":"wp","href":"https:\/\/api.w.org\/{rel}","templated":true}]}}