{"id":3765,"date":"2018-09-04T18:03:21","date_gmt":"2018-09-04T16:03:21","guid":{"rendered":"http:\/\/zst.klodzko.pl\/zst\/?page_id=3765"},"modified":"2025-10-10T11:25:10","modified_gmt":"2025-10-10T09:25:10","slug":"plan-dyzurow","status":"publish","type":"page","link":"https:\/\/zst.klodzko.pl\/zst\/plan-dyzurow\/","title":{"rendered":"Plan dy\u017cur\u00f3w"},"content":{"rendered":"\t\t<div data-elementor-type=\"wp-post\" data-elementor-id=\"3765\" class=\"elementor elementor-3765\">\n\t\t\t\t\t\t<section class=\"elementor-section elementor-top-section elementor-element elementor-element-21d07a6d elementor-reverse-mobile elementor-section-boxed elementor-section-height-default elementor-section-height-default\" data-id=\"21d07a6d\" data-element_type=\"section\" data-e-type=\"section\">\n\t\t\t\t\t\t<div class=\"elementor-container elementor-column-gap-default\">\n\t\t\t\t\t<div class=\"elementor-column elementor-col-100 elementor-top-column elementor-element elementor-element-61e97ad3\" data-id=\"61e97ad3\" data-element_type=\"column\" data-e-type=\"column\" data-settings=\"{&quot;background_background&quot;:&quot;classic&quot;}\">\n\t\t\t<div class=\"elementor-widget-wrap elementor-element-populated\">\n\t\t\t\t\t\t<div class=\"elementor-element elementor-element-699c518f elementor-widget elementor-widget-heading\" data-id=\"699c518f\" data-element_type=\"widget\" data-e-type=\"widget\" data-widget_type=\"heading.default\">\n\t\t\t\t<div class=\"elementor-widget-container\">\n\t\t\t\t\t<h2 class=\"elementor-heading-title elementor-size-medium\">Plany dy\u017cur\u00f3w mi\u0119dzylekcyjnych w roku szkolnym 2025\/2026<\/h2>\t\t\t\t<\/div>\n\t\t\t\t<\/div>\n\t\t\t\t<div class=\"elementor-element elementor-element-1f015d3 elementor-widget-divider--view-line elementor-widget elementor-widget-divider\" data-id=\"1f015d3\" data-element_type=\"widget\" data-e-type=\"widget\" data-widget_type=\"divider.default\">\n\t\t\t\t<div class=\"elementor-widget-container\">\n\t\t\t\t\t\t\t<div class=\"elementor-divider\">\n\t\t\t<span class=\"elementor-divider-separator\">\n\t\t\t\t\t\t<\/span>\n\t\t<\/div>\n\t\t\t\t\t\t<\/div>\n\t\t\t\t<\/div>\n\t\t\t\t<div class=\"elementor-element elementor-element-26dd09e elementor-widget elementor-widget-image\" data-id=\"26dd09e\" data-element_type=\"widget\" data-e-type=\"widget\" data-widget_type=\"image.default\">\n\t\t\t\t<div class=\"elementor-widget-container\">\n\t\t\t\t\t\t\t\t\t\t\t\t\t\t\t<img fetchpriority=\"high\" decoding=\"async\" width=\"1200\" height=\"2344\" src=\"https:\/\/zst.klodzko.pl\/zst\/wp-content\/uploads\/2025\/10\/4a-1.png\" class=\"attachment-full size-full wp-image-28591\" alt=\"Plan dy\u017cur\u00f3w 2025_2026\" srcset=\"https:\/\/zst.klodzko.pl\/zst\/wp-content\/uploads\/2025\/10\/4a-1.png 1200w, https:\/\/zst.klodzko.pl\/zst\/wp-content\/uploads\/2025\/10\/4a-1-154x300.png 154w, https:\/\/zst.klodzko.pl\/zst\/wp-content\/uploads\/2025\/10\/4a-1-524x1024.png 524w, https:\/\/zst.klodzko.pl\/zst\/wp-content\/uploads\/2025\/10\/4a-1-768x1500.png 768w, https:\/\/zst.klodzko.pl\/zst\/wp-content\/uploads\/2025\/10\/4a-1-786x1536.png 786w, https:\/\/zst.klodzko.pl\/zst\/wp-content\/uploads\/2025\/10\/4a-1-1048x2048.png 1048w, https:\/\/zst.klodzko.pl\/zst\/wp-content\/uploads\/2025\/10\/4a-1-200x391.png 200w\" sizes=\"(max-width: 1200px) 100vw, 1200px\" \/>\t\t\t\t\t\t\t\t\t\t\t\t\t\t\t<\/div>\n\t\t\t\t<\/div>\n\t\t\t\t<div class=\"elementor-element elementor-element-e3d631a elementor-widget-divider--view-line elementor-widget elementor-widget-divider\" data-id=\"e3d631a\" data-element_type=\"widget\" data-e-type=\"widget\" data-widget_type=\"divider.default\">\n\t\t\t\t<div class=\"elementor-widget-container\">\n\t\t\t\t\t\t\t<div class=\"elementor-divider\">\n\t\t\t<span class=\"elementor-divider-separator\">\n\t\t\t\t\t\t<\/span>\n\t\t<\/div>\n\t\t\t\t\t\t<\/div>\n\t\t\t\t<\/div>\n\t\t\t\t<div class=\"elementor-element elementor-element-a92b328 elementor-widget elementor-widget-image\" data-id=\"a92b328\" data-element_type=\"widget\" data-e-type=\"widget\" data-widget_type=\"image.default\">\n\t\t\t\t<div class=\"elementor-widget-container\">\n\t\t\t\t\t\t\t\t\t\t\t\t\t\t\t<img decoding=\"async\" width=\"1200\" height=\"1804\" src=\"https:\/\/zst.klodzko.pl\/zst\/wp-content\/uploads\/2025\/10\/4b-1.png\" class=\"attachment-full size-full wp-image-28593\" alt=\"Plan dy\u017cur\u00f3w 2025_2026\" srcset=\"https:\/\/zst.klodzko.pl\/zst\/wp-content\/uploads\/2025\/10\/4b-1.png 1200w, https:\/\/zst.klodzko.pl\/zst\/wp-content\/uploads\/2025\/10\/4b-1-200x300.png 200w, https:\/\/zst.klodzko.pl\/zst\/wp-content\/uploads\/2025\/10\/4b-1-681x1024.png 681w, https:\/\/zst.klodzko.pl\/zst\/wp-content\/uploads\/2025\/10\/4b-1-768x1155.png 768w, https:\/\/zst.klodzko.pl\/zst\/wp-content\/uploads\/2025\/10\/4b-1-1022x1536.png 1022w\" sizes=\"(max-width: 1200px) 100vw, 1200px\" \/>\t\t\t\t\t\t\t\t\t\t\t\t\t\t\t<\/div>\n\t\t\t\t<\/div>\n\t\t\t\t<div class=\"elementor-element elementor-element-618e862 elementor-widget-divider--view-line elementor-widget elementor-widget-divider\" data-id=\"618e862\" data-element_type=\"widget\" data-e-type=\"widget\" data-widget_type=\"divider.default\">\n\t\t\t\t<div class=\"elementor-widget-container\">\n\t\t\t\t\t\t\t<div class=\"elementor-divider\">\n\t\t\t<span class=\"elementor-divider-separator\">\n\t\t\t\t\t\t<\/span>\n\t\t<\/div>\n\t\t\t\t\t\t<\/div>\n\t\t\t\t<\/div>\n\t\t\t\t<div class=\"elementor-element elementor-element-96dc069 elementor-widget elementor-widget-image\" data-id=\"96dc069\" data-element_type=\"widget\" data-e-type=\"widget\" data-widget_type=\"image.default\">\n\t\t\t\t<div class=\"elementor-widget-container\">\n\t\t\t\t\t\t\t\t\t\t\t\t\t\t\t<img decoding=\"async\" width=\"1200\" height=\"1807\" src=\"https:\/\/zst.klodzko.pl\/zst\/wp-content\/uploads\/2025\/10\/4c-1.png\" class=\"attachment-full size-full wp-image-28594\" alt=\"Plan dy\u017cur\u00f3w 2025_2026\" srcset=\"https:\/\/zst.klodzko.pl\/zst\/wp-content\/uploads\/2025\/10\/4c-1.png 1200w, https:\/\/zst.klodzko.pl\/zst\/wp-content\/uploads\/2025\/10\/4c-1-199x300.png 199w, https:\/\/zst.klodzko.pl\/zst\/wp-content\/uploads\/2025\/10\/4c-1-680x1024.png 680w, https:\/\/zst.klodzko.pl\/zst\/wp-content\/uploads\/2025\/10\/4c-1-768x1156.png 768w, https:\/\/zst.klodzko.pl\/zst\/wp-content\/uploads\/2025\/10\/4c-1-1020x1536.png 1020w, https:\/\/zst.klodzko.pl\/zst\/wp-content\/uploads\/2025\/10\/4c-1-200x301.png 200w\" sizes=\"(max-width: 1200px) 100vw, 1200px\" \/>\t\t\t\t\t\t\t\t\t\t\t\t\t\t\t<\/div>\n\t\t\t\t<\/div>\n\t\t\t\t<div class=\"elementor-element elementor-element-82c4545 elementor-widget-divider--view-line elementor-widget elementor-widget-divider\" data-id=\"82c4545\" data-element_type=\"widget\" data-e-type=\"widget\" data-widget_type=\"divider.default\">\n\t\t\t\t<div class=\"elementor-widget-container\">\n\t\t\t\t\t\t\t<div class=\"elementor-divider\">\n\t\t\t<span class=\"elementor-divider-separator\">\n\t\t\t\t\t\t<\/span>\n\t\t<\/div>\n\t\t\t\t\t\t<\/div>\n\t\t\t\t<\/div>\n\t\t\t\t<div class=\"elementor-element elementor-element-edb68b5 elementor-widget elementor-widget-image\" data-id=\"edb68b5\" data-element_type=\"widget\" data-e-type=\"widget\" data-widget_type=\"image.default\">\n\t\t\t\t<div class=\"elementor-widget-container\">\n\t\t\t\t\t\t\t\t\t\t\t\t\t\t\t<img loading=\"lazy\" decoding=\"async\" width=\"1200\" height=\"1755\" src=\"https:\/\/zst.klodzko.pl\/zst\/wp-content\/uploads\/2025\/10\/4sg-1.png\" class=\"attachment-full size-full wp-image-28595\" alt=\"Plan dy\u017cur\u00f3w 2025_2026\" srcset=\"https:\/\/zst.klodzko.pl\/zst\/wp-content\/uploads\/2025\/10\/4sg-1.png 1200w, https:\/\/zst.klodzko.pl\/zst\/wp-content\/uploads\/2025\/10\/4sg-1-205x300.png 205w, https:\/\/zst.klodzko.pl\/zst\/wp-content\/uploads\/2025\/10\/4sg-1-700x1024.png 700w, https:\/\/zst.klodzko.pl\/zst\/wp-content\/uploads\/2025\/10\/4sg-1-768x1123.png 768w, https:\/\/zst.klodzko.pl\/zst\/wp-content\/uploads\/2025\/10\/4sg-1-1050x1536.png 1050w, https:\/\/zst.klodzko.pl\/zst\/wp-content\/uploads\/2025\/10\/4sg-1-200x293.png 200w\" sizes=\"(max-width: 1200px) 100vw, 1200px\" \/>\t\t\t\t\t\t\t\t\t\t\t\t\t\t\t<\/div>\n\t\t\t\t<\/div>\n\t\t\t\t<div class=\"elementor-element elementor-element-a3a8b67 elementor-widget-divider--view-line elementor-widget elementor-widget-divider\" data-id=\"a3a8b67\" data-element_type=\"widget\" data-e-type=\"widget\" data-widget_type=\"divider.default\">\n\t\t\t\t<div class=\"elementor-widget-container\">\n\t\t\t\t\t\t\t<div class=\"elementor-divider\">\n\t\t\t<span class=\"elementor-divider-separator\">\n\t\t\t\t\t\t<\/span>\n\t\t<\/div>\n\t\t\t\t\t\t<\/div>\n\t\t\t\t<\/div>\n\t\t\t\t\t<\/div>\n\t\t<\/div>\n\t\t\t\t\t<\/div>\n\t\t<\/section>\n\t\t\t\t<\/div>\n\t\t","protected":false},"excerpt":{"rendered":"<p>Plany dy\u017cur\u00f3w mi\u0119dzylekcyjnych w roku szkolnym 2025\/2026<\/p>\n","protected":false},"author":1,"featured_media":0,"parent":0,"menu_order":0,"comment_status":"closed","ping_status":"closed","template":"strona-moja1.php","meta":{"_mc_calendar":[],"footnotes":""},"class_list":["post-3765","page","type-page","status-publish","hentry"],"yoast_head":"<!-- This site is optimized with the Yoast SEO plugin v27.3 - https:\/\/yoast.com\/product\/yoast-seo-wordpress\/ -->\n<title>Plan dy\u017cur\u00f3w &#8212; Zesp\u00f3\u0142 Szk\u00f3\u0142 Technicznych w K\u0142odzku<\/title>\n<meta name=\"robots\" content=\"index, follow, max-snippet:-1, max-image-preview:large, max-video-preview:-1\" \/>\n<link rel=\"canonical\" href=\"https:\/\/zst.klodzko.pl\/zst\/plan-dyzurow\/\" \/>\n<meta property=\"og:locale\" content=\"pl_PL\" \/>\n<meta property=\"og:type\" content=\"article\" \/>\n<meta property=\"og:title\" content=\"Plan dy\u017cur\u00f3w &#8212; Zesp\u00f3\u0142 Szk\u00f3\u0142 Technicznych w K\u0142odzku\" \/>\n<meta property=\"og:description\" content=\"Plany dy\u017cur\u00f3w mi\u0119dzylekcyjnych w roku szkolnym 2025\/2026\" \/>\n<meta property=\"og:url\" content=\"https:\/\/zst.klodzko.pl\/zst\/plan-dyzurow\/\" \/>\n<meta property=\"og:site_name\" content=\"Zesp\u00f3\u0142 Szk\u00f3\u0142 Technicznych w K\u0142odzku\" \/>\n<meta property=\"article:publisher\" content=\"https:\/\/www.facebook.com\/zst.klodzko\" \/>\n<meta property=\"article:modified_time\" content=\"2025-10-10T09:25:10+00:00\" \/>\n<meta property=\"og:image\" content=\"https:\/\/zst.klodzko.pl\/zst\/wp-content\/uploads\/2025\/10\/4a-1.png\" \/>\n<meta name=\"twitter:card\" content=\"summary_large_image\" \/>\n<meta name=\"twitter:site\" content=\"@Budowlanka_ZST\" \/>\n<script type=\"application\/ld+json\" class=\"yoast-schema-graph\">{\"@context\":\"https:\\\/\\\/schema.org\",\"@graph\":[{\"@type\":\"WebPage\",\"@id\":\"https:\\\/\\\/zst.klodzko.pl\\\/zst\\\/plan-dyzurow\\\/\",\"url\":\"https:\\\/\\\/zst.klodzko.pl\\\/zst\\\/plan-dyzurow\\\/\",\"name\":\"Plan dy\u017cur\u00f3w &#8212; Zesp\u00f3\u0142 Szk\u00f3\u0142 Technicznych w K\u0142odzku\",\"isPartOf\":{\"@id\":\"https:\\\/\\\/zst.klodzko.pl\\\/zst\\\/#website\"},\"primaryImageOfPage\":{\"@id\":\"https:\\\/\\\/zst.klodzko.pl\\\/zst\\\/plan-dyzurow\\\/#primaryimage\"},\"image\":{\"@id\":\"https:\\\/\\\/zst.klodzko.pl\\\/zst\\\/plan-dyzurow\\\/#primaryimage\"},\"thumbnailUrl\":\"https:\\\/\\\/zst.klodzko.pl\\\/zst\\\/wp-content\\\/uploads\\\/2025\\\/10\\\/4a-1.png\",\"datePublished\":\"2018-09-04T16:03:21+00:00\",\"dateModified\":\"2025-10-10T09:25:10+00:00\",\"breadcrumb\":{\"@id\":\"https:\\\/\\\/zst.klodzko.pl\\\/zst\\\/plan-dyzurow\\\/#breadcrumb\"},\"inLanguage\":\"pl-PL\",\"potentialAction\":[{\"@type\":\"ReadAction\",\"target\":[\"https:\\\/\\\/zst.klodzko.pl\\\/zst\\\/plan-dyzurow\\\/\"]}]},{\"@type\":\"ImageObject\",\"inLanguage\":\"pl-PL\",\"@id\":\"https:\\\/\\\/zst.klodzko.pl\\\/zst\\\/plan-dyzurow\\\/#primaryimage\",\"url\":\"https:\\\/\\\/zst.klodzko.pl\\\/zst\\\/wp-content\\\/uploads\\\/2025\\\/10\\\/4a-1.png\",\"contentUrl\":\"https:\\\/\\\/zst.klodzko.pl\\\/zst\\\/wp-content\\\/uploads\\\/2025\\\/10\\\/4a-1.png\",\"width\":1200,\"height\":2344,\"caption\":\"Plan dy\u017cur\u00f3w 2025_2026\"},{\"@type\":\"BreadcrumbList\",\"@id\":\"https:\\\/\\\/zst.klodzko.pl\\\/zst\\\/plan-dyzurow\\\/#breadcrumb\",\"itemListElement\":[{\"@type\":\"ListItem\",\"position\":1,\"name\":\"Strona g\u0142\u00f3wna\",\"item\":\"https:\\\/\\\/zst.klodzko.pl\\\/zst\\\/\"},{\"@type\":\"ListItem\",\"position\":2,\"name\":\"Plan dy\u017cur\u00f3w\"}]},{\"@type\":\"WebSite\",\"@id\":\"https:\\\/\\\/zst.klodzko.pl\\\/zst\\\/#website\",\"url\":\"https:\\\/\\\/zst.klodzko.pl\\\/zst\\\/\",\"name\":\"Zesp\u00f3\u0142 Szk\u00f3\u0142 Technicznych w K\u0142odzku\",\"description\":\"Oficjalna strona ZST w K\u0142odzku (dawniej ZSP nr 1 w K\u0142odzku) - Budowlanka\",\"publisher\":{\"@id\":\"https:\\\/\\\/zst.klodzko.pl\\\/zst\\\/#organization\"},\"potentialAction\":[{\"@type\":\"SearchAction\",\"target\":{\"@type\":\"EntryPoint\",\"urlTemplate\":\"https:\\\/\\\/zst.klodzko.pl\\\/zst\\\/?s={search_term_string}\"},\"query-input\":{\"@type\":\"PropertyValueSpecification\",\"valueRequired\":true,\"valueName\":\"search_term_string\"}}],\"inLanguage\":\"pl-PL\"},{\"@type\":\"Organization\",\"@id\":\"https:\\\/\\\/zst.klodzko.pl\\\/zst\\\/#organization\",\"name\":\"Zesp\u00f3\u0142 Szk\u00f3\u0142 Technicznych w K\u0142odzku\",\"url\":\"https:\\\/\\\/zst.klodzko.pl\\\/zst\\\/\",\"logo\":{\"@type\":\"ImageObject\",\"inLanguage\":\"pl-PL\",\"@id\":\"https:\\\/\\\/zst.klodzko.pl\\\/zst\\\/#\\\/schema\\\/logo\\\/image\\\/\",\"url\":\"https:\\\/\\\/zst.klodzko.pl\\\/zst\\\/wp-content\\\/uploads\\\/2018\\\/05\\\/patron_bud.png\",\"contentUrl\":\"https:\\\/\\\/zst.klodzko.pl\\\/zst\\\/wp-content\\\/uploads\\\/2018\\\/05\\\/patron_bud.png\",\"width\":208,\"height\":205,\"caption\":\"Zesp\u00f3\u0142 Szk\u00f3\u0142 Technicznych w K\u0142odzku\"},\"image\":{\"@id\":\"https:\\\/\\\/zst.klodzko.pl\\\/zst\\\/#\\\/schema\\\/logo\\\/image\\\/\"},\"sameAs\":[\"https:\\\/\\\/www.facebook.com\\\/zst.klodzko\",\"https:\\\/\\\/x.com\\\/Budowlanka_ZST\",\"https:\\\/\\\/www.youtube.com\\\/channel\\\/UCueLhwUV3X9Ph8PMH7j4ugA\",\"https:\\\/\\\/pl.wikipedia.org\\\/wiki\\\/Zesp\u00f3\u0142_Szk\u00f3\u0142_Technicznych_w_K\u0142odzku\"]}]}<\/script>\n<!-- \/ Yoast SEO plugin. -->","yoast_head_json":{"title":"Plan dy\u017cur\u00f3w &#8212; Zesp\u00f3\u0142 Szk\u00f3\u0142 Technicznych w K\u0142odzku","robots":{"index":"index","follow":"follow","max-snippet":"max-snippet:-1","max-image-preview":"max-image-preview:large","max-video-preview":"max-video-preview:-1"},"canonical":"https:\/\/zst.klodzko.pl\/zst\/plan-dyzurow\/","og_locale":"pl_PL","og_type":"article","og_title":"Plan dy\u017cur\u00f3w &#8212; Zesp\u00f3\u0142 Szk\u00f3\u0142 Technicznych w K\u0142odzku","og_description":"Plany dy\u017cur\u00f3w mi\u0119dzylekcyjnych w roku szkolnym 2025\/2026","og_url":"https:\/\/zst.klodzko.pl\/zst\/plan-dyzurow\/","og_site_name":"Zesp\u00f3\u0142 Szk\u00f3\u0142 Technicznych w K\u0142odzku","article_publisher":"https:\/\/www.facebook.com\/zst.klodzko","article_modified_time":"2025-10-10T09:25:10+00:00","og_image":[{"url":"https:\/\/zst.klodzko.pl\/zst\/wp-content\/uploads\/2025\/10\/4a-1.png","type":"","width":"","height":""}],"twitter_card":"summary_large_image","twitter_site":"@Budowlanka_ZST","schema":{"@context":"https:\/\/schema.org","@graph":[{"@type":"WebPage","@id":"https:\/\/zst.klodzko.pl\/zst\/plan-dyzurow\/","url":"https:\/\/zst.klodzko.pl\/zst\/plan-dyzurow\/","name":"Plan dy\u017cur\u00f3w &#8212; Zesp\u00f3\u0142 Szk\u00f3\u0142 Technicznych w K\u0142odzku","isPartOf":{"@id":"https:\/\/zst.klodzko.pl\/zst\/#website"},"primaryImageOfPage":{"@id":"https:\/\/zst.klodzko.pl\/zst\/plan-dyzurow\/#primaryimage"},"image":{"@id":"https:\/\/zst.klodzko.pl\/zst\/plan-dyzurow\/#primaryimage"},"thumbnailUrl":"https:\/\/zst.klodzko.pl\/zst\/wp-content\/uploads\/2025\/10\/4a-1.png","datePublished":"2018-09-04T16:03:21+00:00","dateModified":"2025-10-10T09:25:10+00:00","breadcrumb":{"@id":"https:\/\/zst.klodzko.pl\/zst\/plan-dyzurow\/#breadcrumb"},"inLanguage":"pl-PL","potentialAction":[{"@type":"ReadAction","target":["https:\/\/zst.klodzko.pl\/zst\/plan-dyzurow\/"]}]},{"@type":"ImageObject","inLanguage":"pl-PL","@id":"https:\/\/zst.klodzko.pl\/zst\/plan-dyzurow\/#primaryimage","url":"https:\/\/zst.klodzko.pl\/zst\/wp-content\/uploads\/2025\/10\/4a-1.png","contentUrl":"https:\/\/zst.klodzko.pl\/zst\/wp-content\/uploads\/2025\/10\/4a-1.png","width":1200,"height":2344,"caption":"Plan dy\u017cur\u00f3w 2025_2026"},{"@type":"BreadcrumbList","@id":"https:\/\/zst.klodzko.pl\/zst\/plan-dyzurow\/#breadcrumb","itemListElement":[{"@type":"ListItem","position":1,"name":"Strona g\u0142\u00f3wna","item":"https:\/\/zst.klodzko.pl\/zst\/"},{"@type":"ListItem","position":2,"name":"Plan dy\u017cur\u00f3w"}]},{"@type":"WebSite","@id":"https:\/\/zst.klodzko.pl\/zst\/#website","url":"https:\/\/zst.klodzko.pl\/zst\/","name":"Zesp\u00f3\u0142 Szk\u00f3\u0142 Technicznych w K\u0142odzku","description":"Oficjalna strona ZST w K\u0142odzku (dawniej ZSP nr 1 w K\u0142odzku) - Budowlanka","publisher":{"@id":"https:\/\/zst.klodzko.pl\/zst\/#organization"},"potentialAction":[{"@type":"SearchAction","target":{"@type":"EntryPoint","urlTemplate":"https:\/\/zst.klodzko.pl\/zst\/?s={search_term_string}"},"query-input":{"@type":"PropertyValueSpecification","valueRequired":true,"valueName":"search_term_string"}}],"inLanguage":"pl-PL"},{"@type":"Organization","@id":"https:\/\/zst.klodzko.pl\/zst\/#organization","name":"Zesp\u00f3\u0142 Szk\u00f3\u0142 Technicznych w K\u0142odzku","url":"https:\/\/zst.klodzko.pl\/zst\/","logo":{"@type":"ImageObject","inLanguage":"pl-PL","@id":"https:\/\/zst.klodzko.pl\/zst\/#\/schema\/logo\/image\/","url":"https:\/\/zst.klodzko.pl\/zst\/wp-content\/uploads\/2018\/05\/patron_bud.png","contentUrl":"https:\/\/zst.klodzko.pl\/zst\/wp-content\/uploads\/2018\/05\/patron_bud.png","width":208,"height":205,"caption":"Zesp\u00f3\u0142 Szk\u00f3\u0142 Technicznych w K\u0142odzku"},"image":{"@id":"https:\/\/zst.klodzko.pl\/zst\/#\/schema\/logo\/image\/"},"sameAs":["https:\/\/www.facebook.com\/zst.klodzko","https:\/\/x.com\/Budowlanka_ZST","https:\/\/www.youtube.com\/channel\/UCueLhwUV3X9Ph8PMH7j4ugA","https:\/\/pl.wikipedia.org\/wiki\/Zesp\u00f3\u0142_Szk\u00f3\u0142_Technicznych_w_K\u0142odzku"]}]}},"_links":{"self":[{"href":"https:\/\/zst.klodzko.pl\/zst\/wp-json\/wp\/v2\/pages\/3765","targetHints":{"allow":["GET"]}}],"collection":[{"href":"https:\/\/zst.klodzko.pl\/zst\/wp-json\/wp\/v2\/pages"}],"about":[{"href":"https:\/\/zst.klodzko.pl\/zst\/wp-json\/wp\/v2\/types\/page"}],"author":[{"embeddable":true,"href":"https:\/\/zst.klodzko.pl\/zst\/wp-json\/wp\/v2\/users\/1"}],"replies":[{"embeddable":true,"href":"https:\/\/zst.klodzko.pl\/zst\/wp-json\/wp\/v2\/comments?post=3765"}],"version-history":[{"count":51,"href":"https:\/\/zst.klodzko.pl\/zst\/wp-json\/wp\/v2\/pages\/3765\/revisions"}],"predecessor-version":[{"id":28598,"href":"https:\/\/zst.klodzko.pl\/zst\/wp-json\/wp\/v2\/pages\/3765\/revisions\/28598"}],"wp:attachment":[{"href":"https:\/\/zst.klodzko.pl\/zst\/wp-json\/wp\/v2\/media?parent=3765"}],"curies":[{"name":"wp","href":"https:\/\/api.w.org\/{rel}","templated":true}]}}