{"id":5716,"date":"2018-11-14T15:20:55","date_gmt":"2018-11-14T14:20:55","guid":{"rendered":"http:\/\/zst.klodzko.pl\/zst\/?page_id=5716"},"modified":"2021-07-01T21:35:02","modified_gmt":"2021-07-01T19:35:02","slug":"polityka-prywatnosci","status":"publish","type":"page","link":"https:\/\/zst.klodzko.pl\/zst\/polityka-prywatnosci\/","title":{"rendered":"Polityka prywatno\u015bci"},"content":{"rendered":"\t\t<div data-elementor-type=\"wp-post\" data-elementor-id=\"5716\" class=\"elementor elementor-5716\">\n\t\t\t\t\t\t<section class=\"elementor-section elementor-top-section elementor-element elementor-element-2eaa86a elementor-section-boxed elementor-section-height-default elementor-section-height-default\" data-id=\"2eaa86a\" data-element_type=\"section\" data-e-type=\"section\">\n\t\t\t\t\t\t<div class=\"elementor-container elementor-column-gap-default\">\n\t\t\t\t\t<div class=\"elementor-column elementor-col-100 elementor-top-column elementor-element elementor-element-616d9b77\" data-id=\"616d9b77\" data-element_type=\"column\" data-e-type=\"column\">\n\t\t\t<div class=\"elementor-widget-wrap elementor-element-populated\">\n\t\t\t\t\t\t<div class=\"elementor-element elementor-element-1232ba9 elementor-widget elementor-widget-heading\" data-id=\"1232ba9\" data-element_type=\"widget\" data-e-type=\"widget\" data-widget_type=\"heading.default\">\n\t\t\t\t<div class=\"elementor-widget-container\">\n\t\t\t\t\t<h2 class=\"elementor-heading-title elementor-size-default\">Klauzula informacyjna RODO<\/h2>\t\t\t\t<\/div>\n\t\t\t\t<\/div>\n\t\t\t\t<div class=\"elementor-element elementor-element-76c871fd elementor-widget elementor-widget-text-editor\" data-id=\"76c871fd\" data-element_type=\"widget\" data-e-type=\"widget\" data-widget_type=\"text-editor.default\">\n\t\t\t\t<div class=\"elementor-widget-container\">\n\t\t\t\t\t\t\t\t\t<p>Zgodnie z art. 13 ust. 1 i ust. 2 Rozporz\u0105dzeniem Parlamentu Europejskiego i Rady (UE) 2016\/679 z dnia 27 kwietnia 2016 r. w sprawie ochrony os\u00f3b fizycznych w zwi\u0105zku z przetwarzaniem danych osobowych i w sprawie swobodnego przep\u0142ywu takich danych oraz uchylenia dyrektywy 95\/46\/WE (zwanym dalej Rozporz\u0105dzenie RODO), informuj\u0119, i\u017c:<\/p><p>\u00a0<\/p><ol><li>Administratorem Pani\/Pana danych osobowych jest Dyrektor Zespo\u0142u Szk\u00f3\u0142 Technicznych <br \/>z siedzib\u0105 przy ul. Bohater\u00f3w Getta 6, 57-300 K\u0142odzko<\/li><li>W Szkole zosta\u0142 powo\u0142any Inspektor danych osobowych Pan Tomasz Koptyra, z kt\u00f3rym mo\u017cna kontaktowa\u0107 si\u0119 pisz\u0105c na adres: <a href=\"mailto:iod@koptyra.pl\">iod@koptyra.pl<\/a><\/li><li>Dane osobowe przetwarzane mog\u0105 by\u0107 w celu:<\/li><\/ol><p>1)\u00a0\u00a0\u00a0\u00a0 realizacji obowi\u0105zk\u00f3w prawnych zwi\u0105zanych z procesem nauczania, dzia\u0142alno\u015bci\u0105 wychowawcz\u0105 i opieku\u0144cz\u0105,<\/p><p>2)\u00a0\u00a0\u00a0\u00a0 promocji dzia\u0142alno\u015bci szko\u0142y oraz osi\u0105gni\u0119\u0107 i umiej\u0119tno\u015bci uczni\u00f3w,<\/p><p>3)\u00a0\u00a0\u00a0\u00a0 realizacji um\u00f3w,<\/p><p>4)\u00a0\u00a0\u00a0\u00a0 realizacji zada\u0144 w interesie publicznym.<\/p><ol start=\"4\"><li>Podstaw\u0105 przetwarzania danych osobowych mog\u0105 by\u0107 przepisy reguluj\u0105ce dzia\u0142alno\u015b\u0107 szko\u0142y, zgody os\u00f3b fizycznych, realizacja zawartych um\u00f3w, usprawiedliwiony interes administratora.<\/li><li>Pani\/Pana dane osobowe nie s\u0105 udost\u0119pniane innym odbiorcom z wy\u0142\u0105czeniem podmiot\u00f3w do tego uprawnionych takich jak:<\/li><\/ol><p>1)\u00a0\u00a0\u00a0\u00a0\u00a0 podmioty upowa\u017cnione do odbioru danych osobowych na podstawie odpowiednich przepis\u00f3w prawa,<\/p><p>2)\u00a0\u00a0\u00a0\u00a0\u00a0 podmioty, kt\u00f3re przetwarzaj\u0105 dane osobowe w imieniu Administratora na podstawie zawartej z Administratorem umowy powierzenia przetwarzania danych osobowych.<\/p><ol start=\"6\"><li>Pani\/Pana dane osobowe po zrealizowaniu celu, dla kt\u00f3rego zosta\u0142y zebrane, b\u0119d\u0105 przetwarzane w celach archiwalnych i przechowywane przez okres niezb\u0119dny wynikaj\u0105cy z przepis\u00f3w dotycz\u0105cych archiwizowania dokument\u00f3w obowi\u0105zuj\u0105cych u Administratora (Rzeczowy Wykaz Akt).<\/li><li>Posiada Pani\/Pan prawo:<\/li><\/ol><p>1)\u00a0\u00a0\u00a0\u00a0\u00a0 dost\u0119pu do tre\u015bci swoich danych,<\/p><p>2)\u00a0\u00a0\u00a0\u00a0\u00a0 \u017c\u0105dania sprostowania danych, kt\u00f3re s\u0105 nieprawid\u0142owe,<\/p><p>3)\u00a0\u00a0\u00a0\u00a0\u00a0 \u017c\u0105dania usuni\u0119cia danych, gdy:<\/p><p>&#8211;\u00a0\u00a0\u00a0\u00a0\u00a0\u00a0\u00a0 dane nie s\u0105 ju\u017c niezb\u0119dne do cel\u00f3w, dla kt\u00f3rych zosta\u0142y zebrane,<\/p><p>&#8211;\u00a0\u00a0\u00a0\u00a0\u00a0\u00a0\u00a0 dane przetwarzane s\u0105 niezgodnie z prawem;<\/p><p>4)\u00a0\u00a0\u00a0\u00a0\u00a0 prawo do wniesienia sprzeciwu wobec przetwarzania Pa\u0144stwa danych osobowych na podstawie art. 21 Rozporz\u0105dzenia RODO,<\/p><p>5)\u00a0\u00a0\u00a0\u00a0\u00a0 ograniczenia przetwarzania, gdy:<\/p><p>&#8211;\u00a0\u00a0\u00a0\u00a0\u00a0\u00a0\u00a0 osoba, kt\u00f3rej dane dotycz\u0105, kwestionuje prawid\u0142owo\u015b\u0107 danych osobowych,<\/p><p>&#8211;\u00a0\u00a0\u00a0\u00a0\u00a0\u00a0\u00a0 przetwarzanie jest niezgodne z prawem, a osoba, kt\u00f3rej dane dotycz\u0105, sprzeciwia si\u0119 usuni\u0119ciu danych osobowych, \u017c\u0105daj\u0105c w zamian ograniczenia ich wykorzystywania,<\/p><p>&#8211;\u00a0\u00a0\u00a0\u00a0\u00a0\u00a0\u00a0 administrator nie potrzebuje ju\u017c danych osobowych do cel\u00f3w przetwarzania, ale s\u0105 one potrzebne osobie, kt\u00f3rej dane dotycz\u0105, do ustalenia, dochodzenia lub obrony roszcze\u0144;<\/p><p>6)\u00a0\u00a0\u00a0\u00a0\u00a0 prawo do odwo\u0142ania zgody w dowolnym momencie wobec przetwarzania danych osobowych opartego na art. 6 pkt 1. a) bez wp\u0142ywu na zgodno\u015b\u0107 z prawem przetwarzania, kt\u00f3rego dokonano na podstawie zgody przed jej cofni\u0119ciem.<\/p><ol start=\"8\"><li>Przys\u0142uguje Pani\/Panu prawo do wniesienia skargi do organu nadzorczego tj. Prezesa Urz\u0119du Ochrony Danych Osobowych gdy uzna Pani\/Pan, i\u017c przetwarzanie danych osobowych Pani\/Pana dotycz\u0105cych narusza przepisy og\u00f3lnego rozporz\u0105dzenia o ochronie danych osobowych z dnia 27 kwietnia 2016 r.<\/li><\/ol><p>\u00a0<\/p>\t\t\t\t\t\t\t\t<\/div>\n\t\t\t\t<\/div>\n\t\t\t\t<div class=\"elementor-element elementor-element-e08167f elementor-widget elementor-widget-heading\" data-id=\"e08167f\" data-element_type=\"widget\" data-e-type=\"widget\" data-widget_type=\"heading.default\">\n\t\t\t\t<div class=\"elementor-widget-container\">\n\t\t\t\t\t<h2 class=\"elementor-heading-title elementor-size-default\">Polityka prywatno\u015bci<\/h2>\t\t\t\t<\/div>\n\t\t\t\t<\/div>\n\t\t\t\t<div class=\"elementor-element elementor-element-64cf10d elementor-widget elementor-widget-text-editor\" data-id=\"64cf10d\" data-element_type=\"widget\" data-e-type=\"widget\" data-widget_type=\"text-editor.default\">\n\t\t\t\t<div class=\"elementor-widget-container\">\n\t\t\t\t\t\t\t\t\t<p><em><span style=\"color: #000000;\">Ciasteczka (ang. cookies) to niewielkie pliki, zapisywane i przechowywane na twoim komputerze, tablecie lub smartfonie podczas gdy odwiedzasz r\u00f3\u017cne strony w internecie. Ciasteczko zazwyczaj zawiera nazw\u0119 strony internetowej, z kt\u00f3rej pochodzi, \u201ed\u0142ugo\u015b\u0107 \u017cycia\u201d ciasteczka (to znaczy czas jego istnienia), oraz przypadkowo wygenerowany unikalny numer s\u0142u\u017c\u0105cy do identyfikacji przegl\u0105darki, z jakiej nast\u0119puje po\u0142\u0105czenie ze stron\u0105 internetow\u0105.<\/span><\/em><\/p><ol><li><span style=\"color: #000000;\"><span style=\"color: #000000;\">W zwi\u0105zku z udost\u0119pnianiem zawarto\u015bci serwisu internetowego www.zst.klodzko.pl stosuje si\u0119 tzw. cookies, tj. informacje zapisywane przez serwery na urz\u0105dzeniu ko\u0144cowym u\u017cytkownika, kt\u00f3re serwery mog\u0105 odczyta\u0107 przy ka\u017cdorazowym po\u0142\u0105czeniu si\u0119 z tego urz\u0105dzenia ko\u0144cowego, mo\u017ce tak\u017ce u\u017cywa\u0107 innych technologii o funkcjach podobnych lub to\u017csamych z cookies. W niniejszym dokumencie, informacje dotycz\u0105ce cookies maj\u0105 zastosowanie r\u00f3wnie\u017c do innych podobnych technologii stosowanych w ramach naszych serwis\u00f3w internetowych. Pliki cookies (tzw. \u201eciasteczka\u201d) stanowi\u0105 dane informatyczne, w szczeg\u00f3lno\u015bci pliki tekstowe, kt\u00f3re przechowywane s\u0105 w urz\u0105dzeniu ko\u0144cowym u\u017cytkownika serwisu internetowego www.zst.klodzko.pl. Cookies zazwyczaj zawieraj\u0105 nazw\u0119 domeny serwisu internetowego, z kt\u00f3rego pochodz\u0105, czas przechowywania ich na urz\u0105dzeniu ko\u0144cowym oraz unikalny numer.<\/span><\/span><\/li><li><span style=\"color: #000000;\">Pliki cookies wykorzystywane s\u0105 w celu:<\/span><ul><li style=\"list-style-type: none;\"><ul><li><span style=\"color: #000000;\">dostosowania zawarto\u015bci stron serwisu internetowego do preferencji u\u017cytkownika oraz optymalizacji korzystania ze stron internetowych; w szczeg\u00f3lno\u015bci pliki te pozwalaj\u0105 rozpozna\u0107 urz\u0105dzenie u\u017cytkownika serwisu internetowego i odpowiednio wy\u015bwietli\u0107 stron\u0119 internetow\u0105, dostosowan\u0105 do jego indywidualnych potrzeb,<\/span><\/li><li><span style=\"color: #000000;\">tworzenia statystyk, kt\u00f3re pomagaj\u0105 zrozumie\u0107, w jaki spos\u00f3b u\u017cytkownicy serwisu korzystaj\u0105 ze stron internetowych, co umo\u017cliwia ulepszanie ich struktury i zawarto\u015bci,<\/span><\/li><li><span style=\"color: #000000;\">utrzymania sesji u\u017cytkownika serwisu internetowego (po zalogowaniu), dzi\u0119ki kt\u00f3rej u\u017cytkownik nie musi na ka\u017cdej podstronie serwisu ponownie wpisywa\u0107 loginu i has\u0142a,<\/span><\/li><li><span style=\"color: #000000;\"><span style=\"color: #000000;\">dostarczania u\u017cytkownikom tre\u015bci reklamowych bardziej dostosowanych do ich zainteresowa\u0144.<\/span><\/span><\/li><\/ul><\/li><\/ul><\/li><li><span style=\"color: #000000;\">W ramach serwisu internetowego www.zst.klodzko.pl mo\u017cemy stosowa\u0107 nast\u0119puj\u0105ce rodzaje plik\u00f3w cookies:<\/span><ul><li style=\"list-style-type: none;\"><ul><li><span style=\"color: #000000;\">\u201eniezb\u0119dne\u201d pliki cookies, umo\u017cliwiaj\u0105ce korzystanie z us\u0142ug dost\u0119pnych w ramach serwisu internetowego, np. uwierzytelniaj\u0105ce pliki cookies wykorzystywane do us\u0142ug wymagaj\u0105cych uwierzytelniania w ramach serwisu,<\/span><\/li><li><span style=\"color: #000000;\">pliki cookies s\u0142u\u017c\u0105ce do zapewnienia bezpiecze\u0144stwa, np. wykorzystywane do wykrywania nadu\u017cy\u0107 w zakresie uwierzytelniania w ramach serwisu,<\/span><\/li><li><span style=\"color: #000000;\">pliki cookies umo\u017cliwiaj\u0105ce zbieranie informacji o sposobie korzystania ze stron internetowych serwisu,<\/span><\/li><li><span style=\"color: #000000;\">\u201efunkcjonalne\u201d pliki cookies, umo\u017cliwiaj\u0105ce \u201ezapami\u0119tanie\u201d wybranych przez u\u017cytkownika ustawie\u0144 i personalizacj\u0119 interfejsu u\u017cytkownika, np. w zakresie wybranego j\u0119zyka lub regionu, z kt\u00f3rego pochodzi u\u017cytkownik, rozmiaru czcionki, wygl\u0105du strony internetowej itp.,<\/span><\/li><li><span style=\"color: #000000;\"><span style=\"color: #000000;\">\u201ereklamowe\u201d pliki cookies, umo\u017cliwiaj\u0105ce dostarczanie u\u017cytkownikom tre\u015bci reklamowych bardziej dostosowanych do ich zainteresowa\u0144.<\/span><\/span><\/li><\/ul><\/li><\/ul><\/li><li><span style=\"color: #000000;\"><span style=\"color: #000000;\">W wielu przypadkach oprogramowanie s\u0142u\u017c\u0105ce do przegl\u0105dania stron internetowych (przegl\u0105darka internetowa) domy\u015blnie dopuszcza przechowywanie plik\u00f3w cookies w urz\u0105dzeniu ko\u0144cowym u\u017cytkownika. U\u017cytkownicy serwisu mog\u0105 dokona\u0107 w ka\u017cdym czasie zmiany ustawie\u0144 dotycz\u0105cych plik\u00f3w cookies. Ustawienia te mog\u0105 zosta\u0107 zmienione w szczeg\u00f3lno\u015bci w taki spos\u00f3b, aby blokowa\u0107 automatyczn\u0105 obs\u0142ug\u0119 plik\u00f3w cookies w ustawieniach przegl\u0105darki internetowej b\u0105d\u017a informowa\u0107 o ich ka\u017cdorazowym zamieszczeniu w urz\u0105dzeniu u\u017cytkownika serwisu internetowego. Szczeg\u00f3\u0142owe informacje o mo\u017cliwo\u015bci i sposobach obs\u0142ugi plik\u00f3w cookies dost\u0119pne s\u0105 w ustawieniach oprogramowania (przegl\u0105darki internetowej). Niedokonanie zmiany ustawie\u0144 w zakresie cookies oznacza, \u017ce b\u0119d\u0105 one zamieszczone w urz\u0105dzeniu ko\u0144cowym u\u017cytkownika, a tym samym b\u0119dziemy przechowywa\u0107 informacje w urz\u0105dzeniu ko\u0144cowym u\u017cytkownika i uzyskiwa\u0107 dost\u0119p do tych informacji.<\/span><\/span><\/li><li><span style=\"color: #000000;\"><span style=\"color: #000000;\">Wy\u0142\u0105czenie stosowania cookies mo\u017ce spowodowa\u0107 utrudnienia korzystanie z niekt\u00f3rych us\u0142ug w ramach naszych serwis\u00f3w internetowych, w szczeg\u00f3lno\u015bci wymagaj\u0105cych logowania. Wy\u0142\u0105czenie opcji przyjmowania cookies nie powoduje natomiast braku mo\u017cliwo\u015bci czytania lub ogl\u0105dania tre\u015bci zamieszczanych w serwisie internetowym www.zst.klodzko.pl z zastrze\u017ceniem tych, do kt\u00f3rych dost\u0119p wymaga logowania.<\/span><\/span><\/li><li><span style=\"color: #000000;\">Pliki cookies mog\u0105 by\u0107 zamieszczane w urz\u0105dzeniu ko\u0144cowym u\u017cytkownika serwisu internetowego www.zst.klodzko.pl, a nast\u0119pnie wykorzystywane przez wsp\u00f3\u0142pracuj\u0105cych z serwisem reklamodawc\u00f3w, firmy badawcze oraz dostawc\u00f3w aplikacji multimedialnych.<\/span><\/li><\/ol>\t\t\t\t\t\t\t\t<\/div>\n\t\t\t\t<\/div>\n\t\t\t\t\t<\/div>\n\t\t<\/div>\n\t\t\t\t\t<\/div>\n\t\t<\/section>\n\t\t\t\t<\/div>\n\t\t","protected":false},"excerpt":{"rendered":"<p>Klauzula informacyjna RODO Zgodnie z art. 13 ust. 1 i ust. 2 Rozporz\u0105dzeniem Parlamentu Europejskiego i Rady (UE) 2016\/679 z dnia 27 kwietnia 2016 r. w sprawie ochrony os\u00f3b fizycznych w zwi\u0105zku z przetwarzaniem danych osobowych i w sprawie swobodnego &hellip; <a href=\"https:\/\/zst.klodzko.pl\/zst\/polityka-prywatnosci\/\">Czytaj dalej <span class=\"meta-nav\">&rarr;<\/span><\/a><\/p>\n","protected":false},"author":1,"featured_media":0,"parent":0,"menu_order":0,"comment_status":"closed","ping_status":"closed","template":"strona-moja1.php","meta":{"_mc_calendar":[],"footnotes":""},"class_list":["post-5716","page","type-page","status-publish","hentry"],"yoast_head":"<!-- This site is optimized with the Yoast SEO plugin v27.3 - https:\/\/yoast.com\/product\/yoast-seo-wordpress\/ -->\n<title>Polityka prywatno\u015bci &#8212; Zesp\u00f3\u0142 Szk\u00f3\u0142 Technicznych w K\u0142odzku<\/title>\n<meta name=\"robots\" content=\"index, follow, max-snippet:-1, max-image-preview:large, max-video-preview:-1\" \/>\n<link rel=\"canonical\" href=\"https:\/\/zst.klodzko.pl\/zst\/polityka-prywatnosci\/\" \/>\n<meta property=\"og:locale\" content=\"pl_PL\" \/>\n<meta property=\"og:type\" content=\"article\" \/>\n<meta property=\"og:title\" content=\"Polityka prywatno\u015bci &#8212; Zesp\u00f3\u0142 Szk\u00f3\u0142 Technicznych w K\u0142odzku\" \/>\n<meta property=\"og:description\" content=\"Klauzula informacyjna RODO Zgodnie z art. 13 ust. 1 i ust. 2 Rozporz\u0105dzeniem Parlamentu Europejskiego i Rady (UE) 2016\/679 z dnia 27 kwietnia 2016 r. w sprawie ochrony os\u00f3b fizycznych w zwi\u0105zku z przetwarzaniem danych osobowych i w sprawie swobodnego &hellip; Czytaj dalej &rarr;\" \/>\n<meta property=\"og:url\" content=\"https:\/\/zst.klodzko.pl\/zst\/polityka-prywatnosci\/\" \/>\n<meta property=\"og:site_name\" content=\"Zesp\u00f3\u0142 Szk\u00f3\u0142 Technicznych w K\u0142odzku\" \/>\n<meta property=\"article:publisher\" content=\"https:\/\/www.facebook.com\/zst.klodzko\" \/>\n<meta property=\"article:modified_time\" content=\"2021-07-01T19:35:02+00:00\" \/>\n<meta name=\"twitter:card\" content=\"summary_large_image\" \/>\n<meta name=\"twitter:site\" content=\"@Budowlanka_ZST\" \/>\n<meta name=\"twitter:label1\" content=\"Szacowany czas czytania\" \/>\n\t<meta name=\"twitter:data1\" content=\"6 minut\" \/>\n<script type=\"application\/ld+json\" class=\"yoast-schema-graph\">{\"@context\":\"https:\\\/\\\/schema.org\",\"@graph\":[{\"@type\":\"WebPage\",\"@id\":\"https:\\\/\\\/zst.klodzko.pl\\\/zst\\\/polityka-prywatnosci\\\/\",\"url\":\"https:\\\/\\\/zst.klodzko.pl\\\/zst\\\/polityka-prywatnosci\\\/\",\"name\":\"Polityka prywatno\u015bci &#8212; Zesp\u00f3\u0142 Szk\u00f3\u0142 Technicznych w K\u0142odzku\",\"isPartOf\":{\"@id\":\"https:\\\/\\\/zst.klodzko.pl\\\/zst\\\/#website\"},\"datePublished\":\"2018-11-14T14:20:55+00:00\",\"dateModified\":\"2021-07-01T19:35:02+00:00\",\"breadcrumb\":{\"@id\":\"https:\\\/\\\/zst.klodzko.pl\\\/zst\\\/polityka-prywatnosci\\\/#breadcrumb\"},\"inLanguage\":\"pl-PL\",\"potentialAction\":[{\"@type\":\"ReadAction\",\"target\":[\"https:\\\/\\\/zst.klodzko.pl\\\/zst\\\/polityka-prywatnosci\\\/\"]}]},{\"@type\":\"BreadcrumbList\",\"@id\":\"https:\\\/\\\/zst.klodzko.pl\\\/zst\\\/polityka-prywatnosci\\\/#breadcrumb\",\"itemListElement\":[{\"@type\":\"ListItem\",\"position\":1,\"name\":\"Strona g\u0142\u00f3wna\",\"item\":\"https:\\\/\\\/zst.klodzko.pl\\\/zst\\\/\"},{\"@type\":\"ListItem\",\"position\":2,\"name\":\"Polityka prywatno\u015bci\"}]},{\"@type\":\"WebSite\",\"@id\":\"https:\\\/\\\/zst.klodzko.pl\\\/zst\\\/#website\",\"url\":\"https:\\\/\\\/zst.klodzko.pl\\\/zst\\\/\",\"name\":\"Zesp\u00f3\u0142 Szk\u00f3\u0142 Technicznych w K\u0142odzku\",\"description\":\"Oficjalna strona ZST w K\u0142odzku (dawniej ZSP nr 1 w K\u0142odzku) - Budowlanka\",\"publisher\":{\"@id\":\"https:\\\/\\\/zst.klodzko.pl\\\/zst\\\/#organization\"},\"potentialAction\":[{\"@type\":\"SearchAction\",\"target\":{\"@type\":\"EntryPoint\",\"urlTemplate\":\"https:\\\/\\\/zst.klodzko.pl\\\/zst\\\/?s={search_term_string}\"},\"query-input\":{\"@type\":\"PropertyValueSpecification\",\"valueRequired\":true,\"valueName\":\"search_term_string\"}}],\"inLanguage\":\"pl-PL\"},{\"@type\":\"Organization\",\"@id\":\"https:\\\/\\\/zst.klodzko.pl\\\/zst\\\/#organization\",\"name\":\"Zesp\u00f3\u0142 Szk\u00f3\u0142 Technicznych w K\u0142odzku\",\"url\":\"https:\\\/\\\/zst.klodzko.pl\\\/zst\\\/\",\"logo\":{\"@type\":\"ImageObject\",\"inLanguage\":\"pl-PL\",\"@id\":\"https:\\\/\\\/zst.klodzko.pl\\\/zst\\\/#\\\/schema\\\/logo\\\/image\\\/\",\"url\":\"https:\\\/\\\/zst.klodzko.pl\\\/zst\\\/wp-content\\\/uploads\\\/2018\\\/05\\\/patron_bud.png\",\"contentUrl\":\"https:\\\/\\\/zst.klodzko.pl\\\/zst\\\/wp-content\\\/uploads\\\/2018\\\/05\\\/patron_bud.png\",\"width\":208,\"height\":205,\"caption\":\"Zesp\u00f3\u0142 Szk\u00f3\u0142 Technicznych w K\u0142odzku\"},\"image\":{\"@id\":\"https:\\\/\\\/zst.klodzko.pl\\\/zst\\\/#\\\/schema\\\/logo\\\/image\\\/\"},\"sameAs\":[\"https:\\\/\\\/www.facebook.com\\\/zst.klodzko\",\"https:\\\/\\\/x.com\\\/Budowlanka_ZST\",\"https:\\\/\\\/www.youtube.com\\\/channel\\\/UCueLhwUV3X9Ph8PMH7j4ugA\",\"https:\\\/\\\/pl.wikipedia.org\\\/wiki\\\/Zesp\u00f3\u0142_Szk\u00f3\u0142_Technicznych_w_K\u0142odzku\"]}]}<\/script>\n<!-- \/ Yoast SEO plugin. -->","yoast_head_json":{"title":"Polityka prywatno\u015bci &#8212; Zesp\u00f3\u0142 Szk\u00f3\u0142 Technicznych w K\u0142odzku","robots":{"index":"index","follow":"follow","max-snippet":"max-snippet:-1","max-image-preview":"max-image-preview:large","max-video-preview":"max-video-preview:-1"},"canonical":"https:\/\/zst.klodzko.pl\/zst\/polityka-prywatnosci\/","og_locale":"pl_PL","og_type":"article","og_title":"Polityka prywatno\u015bci &#8212; Zesp\u00f3\u0142 Szk\u00f3\u0142 Technicznych w K\u0142odzku","og_description":"Klauzula informacyjna RODO Zgodnie z art. 13 ust. 1 i ust. 2 Rozporz\u0105dzeniem Parlamentu Europejskiego i Rady (UE) 2016\/679 z dnia 27 kwietnia 2016 r. w sprawie ochrony os\u00f3b fizycznych w zwi\u0105zku z przetwarzaniem danych osobowych i w sprawie swobodnego &hellip; Czytaj dalej &rarr;","og_url":"https:\/\/zst.klodzko.pl\/zst\/polityka-prywatnosci\/","og_site_name":"Zesp\u00f3\u0142 Szk\u00f3\u0142 Technicznych w K\u0142odzku","article_publisher":"https:\/\/www.facebook.com\/zst.klodzko","article_modified_time":"2021-07-01T19:35:02+00:00","twitter_card":"summary_large_image","twitter_site":"@Budowlanka_ZST","twitter_misc":{"Szacowany czas czytania":"6 minut"},"schema":{"@context":"https:\/\/schema.org","@graph":[{"@type":"WebPage","@id":"https:\/\/zst.klodzko.pl\/zst\/polityka-prywatnosci\/","url":"https:\/\/zst.klodzko.pl\/zst\/polityka-prywatnosci\/","name":"Polityka prywatno\u015bci &#8212; Zesp\u00f3\u0142 Szk\u00f3\u0142 Technicznych w K\u0142odzku","isPartOf":{"@id":"https:\/\/zst.klodzko.pl\/zst\/#website"},"datePublished":"2018-11-14T14:20:55+00:00","dateModified":"2021-07-01T19:35:02+00:00","breadcrumb":{"@id":"https:\/\/zst.klodzko.pl\/zst\/polityka-prywatnosci\/#breadcrumb"},"inLanguage":"pl-PL","potentialAction":[{"@type":"ReadAction","target":["https:\/\/zst.klodzko.pl\/zst\/polityka-prywatnosci\/"]}]},{"@type":"BreadcrumbList","@id":"https:\/\/zst.klodzko.pl\/zst\/polityka-prywatnosci\/#breadcrumb","itemListElement":[{"@type":"ListItem","position":1,"name":"Strona g\u0142\u00f3wna","item":"https:\/\/zst.klodzko.pl\/zst\/"},{"@type":"ListItem","position":2,"name":"Polityka prywatno\u015bci"}]},{"@type":"WebSite","@id":"https:\/\/zst.klodzko.pl\/zst\/#website","url":"https:\/\/zst.klodzko.pl\/zst\/","name":"Zesp\u00f3\u0142 Szk\u00f3\u0142 Technicznych w K\u0142odzku","description":"Oficjalna strona ZST w K\u0142odzku (dawniej ZSP nr 1 w K\u0142odzku) - Budowlanka","publisher":{"@id":"https:\/\/zst.klodzko.pl\/zst\/#organization"},"potentialAction":[{"@type":"SearchAction","target":{"@type":"EntryPoint","urlTemplate":"https:\/\/zst.klodzko.pl\/zst\/?s={search_term_string}"},"query-input":{"@type":"PropertyValueSpecification","valueRequired":true,"valueName":"search_term_string"}}],"inLanguage":"pl-PL"},{"@type":"Organization","@id":"https:\/\/zst.klodzko.pl\/zst\/#organization","name":"Zesp\u00f3\u0142 Szk\u00f3\u0142 Technicznych w K\u0142odzku","url":"https:\/\/zst.klodzko.pl\/zst\/","logo":{"@type":"ImageObject","inLanguage":"pl-PL","@id":"https:\/\/zst.klodzko.pl\/zst\/#\/schema\/logo\/image\/","url":"https:\/\/zst.klodzko.pl\/zst\/wp-content\/uploads\/2018\/05\/patron_bud.png","contentUrl":"https:\/\/zst.klodzko.pl\/zst\/wp-content\/uploads\/2018\/05\/patron_bud.png","width":208,"height":205,"caption":"Zesp\u00f3\u0142 Szk\u00f3\u0142 Technicznych w K\u0142odzku"},"image":{"@id":"https:\/\/zst.klodzko.pl\/zst\/#\/schema\/logo\/image\/"},"sameAs":["https:\/\/www.facebook.com\/zst.klodzko","https:\/\/x.com\/Budowlanka_ZST","https:\/\/www.youtube.com\/channel\/UCueLhwUV3X9Ph8PMH7j4ugA","https:\/\/pl.wikipedia.org\/wiki\/Zesp\u00f3\u0142_Szk\u00f3\u0142_Technicznych_w_K\u0142odzku"]}]}},"_links":{"self":[{"href":"https:\/\/zst.klodzko.pl\/zst\/wp-json\/wp\/v2\/pages\/5716","targetHints":{"allow":["GET"]}}],"collection":[{"href":"https:\/\/zst.klodzko.pl\/zst\/wp-json\/wp\/v2\/pages"}],"about":[{"href":"https:\/\/zst.klodzko.pl\/zst\/wp-json\/wp\/v2\/types\/page"}],"author":[{"embeddable":true,"href":"https:\/\/zst.klodzko.pl\/zst\/wp-json\/wp\/v2\/users\/1"}],"replies":[{"embeddable":true,"href":"https:\/\/zst.klodzko.pl\/zst\/wp-json\/wp\/v2\/comments?post=5716"}],"version-history":[{"count":29,"href":"https:\/\/zst.klodzko.pl\/zst\/wp-json\/wp\/v2\/pages\/5716\/revisions"}],"predecessor-version":[{"id":16533,"href":"https:\/\/zst.klodzko.pl\/zst\/wp-json\/wp\/v2\/pages\/5716\/revisions\/16533"}],"wp:attachment":[{"href":"https:\/\/zst.klodzko.pl\/zst\/wp-json\/wp\/v2\/media?parent=5716"}],"curies":[{"name":"wp","href":"https:\/\/api.w.org\/{rel}","templated":true}]}}